{"id":44,"date":"2012-03-17T17:14:35","date_gmt":"2012-03-17T17:14:35","guid":{"rendered":"http:\/\/www.appelmann-arch.de\/wordpress\/?page_id=44"},"modified":"2024-11-17T11:38:17","modified_gmt":"2024-11-17T11:38:17","slug":"impressum","status":"publish","type":"page","link":"http:\/\/www.appelmann-arch.de\/?page_id=44","title":{"rendered":"impressum"},"content":{"rendered":"<p>Dienstanbieter:<br \/>\nappelmann architekturb\u00fcro, Architekturb\u00fcro<br \/>\nNicol Appelmann, Dipl. Arch. ETH<br \/>\nSchwindstr. 26<br \/>\n80798 M\u00fcnchen<br \/>\n<a href=\"mailto:nicol@appelmann-arch.de\">nicol@appelmann-arch.de<\/a><\/p>\n<p>Kammerzugeh\u00f6rigkeit:<br \/>\nBayerische Architektenkammer:<br \/>\nMitgliedsnummer: 180.867<br \/>\nBerufsrechtliche Regelungen: Bayerisches Architektengesetz (www.byak.de)<\/p>\n<p>Website:<br \/>\nappelmann theme<br \/>\nbased on:<br \/>\nTwenty Eleven-theme<br \/>\nproudly powered by <span style=\"font-weight: 600;\">WordPress.com<\/span> (www.wordpress.com)<\/p>\n<p>Gestaltung &amp; Umsetzung:<br \/>\nUlrich Binder<\/p>\n<p>Fotografie:<br \/>\nJohannes M\u00fcller<br \/>\n<a href=\"http:\/\/www.foto-j-mueller.de\">www.foto-j-mueller.de<\/a><\/p>\n<p>Urheberrecht:<br \/>\nAlle auf dieser Internetseite ver\u00f6ffentlichten Texte\/Grafiken\/Daten usw. sind Urheberrechtlich gesch\u00fctzt.<br \/>\nDas nicht private Verwenden, Ver\u00e4ndern, Weitergeben oder Ver\u00f6ffentlichen dieser Materialien ist nur nach R\u00fccksprache mit den Verfassern m\u00f6glich.<br \/>\nNehmen Sie in diesem Fall Kontakt mit Nicol Appelmann (s.o.) auf.<\/p>\n<p>Haftungshinweis:<br \/>\nDie Inhalte dieser Website wurden sorgf\u00e4ltig gepr\u00fcft und nach bestem Gewissen erstellt. Trotz st\u00e4ndiger Aktualisierung k\u00f6nnen wir keine Haftung f\u00fcr die auf dieser<br \/>\nWebseite ver\u00f6ffentlichten Inhalte \u00fcbernehmen. Dies gilt auch f\u00fcr Seiten, die von dieser Seite aus verlinkt sind. F\u00fcr deren Inhalt sind ausschlie\u00dflich die Betreiber der Webseiten verantwortlich.<br \/>\nDes weiteren behalten wir uns das Recht vor, \u00c4nderungen oder Erg\u00e4nzungen der hier bereitgestellten Informationen vorzunehmen.<\/p>\n<p>Rechtswirksamkeit\u2028:<br \/>\nSollten Teile oder Formulierungen dieses Textes der geltenden Rechtslage nicht, nicht mehr oder nicht vollst\u00e4ndig entsprechen, bleiben die \u00fcbrigen Teile davon unber\u00fchrt.<\/p>\n<p>Cookie Erkl\u00e4rung:<br \/>\n<script id=\"CookieDeclaration\" src=\"https:\/\/consent.cookiebot.com\/e5b90d49-ebe2-4311-b930-2d68bedff331\/cd.js\" type=\"text\/javascript\" async=\"\"><\/script><\/p>\n<p><a href=\"http:\/\/www.appelmann-arch.de\/\">\u2190 zur\u00fcck<\/a><\/p>\n","protected":false},"excerpt":{"rendered":"<p>Dienstanbieter: appelmann architekturb\u00fcro, Architekturb\u00fcro Nicol Appelmann, Dipl. Arch. ETH Schwindstr. 26 80798 M\u00fcnchen nicol@appelmann-arch.de Kammerzugeh\u00f6rigkeit: Bayerische Architektenkammer: Mitgliedsnummer: 180.867 Berufsrechtliche Regelungen: Bayerisches Architektengesetz (www.byak.de) Website: appelmann theme based on: Twenty Eleven-theme proudly powered by WordPress.com (www.wordpress.com) Gestaltung &amp; Umsetzung: Ulrich &hellip; <a href=\"http:\/\/www.appelmann-arch.de\/?page_id=44\">Weiterlesen <span class=\"meta-nav\">&rarr;<\/span><\/a><\/p>\n","protected":false},"author":1,"featured_media":0,"parent":0,"menu_order":0,"comment_status":"closed","ping_status":"closed","template":"","meta":[],"acf":[],"_links":{"self":[{"href":"http:\/\/www.appelmann-arch.de\/index.php?rest_route=\/wp\/v2\/pages\/44"}],"collection":[{"href":"http:\/\/www.appelmann-arch.de\/index.php?rest_route=\/wp\/v2\/pages"}],"about":[{"href":"http:\/\/www.appelmann-arch.de\/index.php?rest_route=\/wp\/v2\/types\/page"}],"author":[{"embeddable":true,"href":"http:\/\/www.appelmann-arch.de\/index.php?rest_route=\/wp\/v2\/users\/1"}],"replies":[{"embeddable":true,"href":"http:\/\/www.appelmann-arch.de\/index.php?rest_route=%2Fwp%2Fv2%2Fcomments&post=44"}],"version-history":[{"count":9,"href":"http:\/\/www.appelmann-arch.de\/index.php?rest_route=\/wp\/v2\/pages\/44\/revisions"}],"predecessor-version":[{"id":544,"href":"http:\/\/www.appelmann-arch.de\/index.php?rest_route=\/wp\/v2\/pages\/44\/revisions\/544"}],"wp:attachment":[{"href":"http:\/\/www.appelmann-arch.de\/index.php?rest_route=%2Fwp%2Fv2%2Fmedia&parent=44"}],"curies":[{"name":"wp","href":"https:\/\/api.w.org\/{rel}","templated":true}]}}