{"id":156,"date":"2012-12-20T15:26:40","date_gmt":"2012-12-20T15:26:40","guid":{"rendered":"http:\/\/www.appelmann-arch.de\/?page_id=156"},"modified":"2026-02-15T14:59:47","modified_gmt":"2026-02-15T14:59:47","slug":"projektliste-2","status":"publish","type":"page","link":"http:\/\/www.appelmann-arch.de\/?page_id=156","title":{"rendered":"Projektliste"},"content":{"rendered":"<p>2026 Landwehrsta\u00dfe, M\u00fcnchen &#8211; Sanierungsma\u00dfnahmen<br \/>\n2026 Muxelstra\u00dfe, M\u00fcnchen &#8211; Sanierungsma\u00dfnahmen Dachgeschossausbau (Einzeldenkmal)<br \/>\n2025 Ottobrunnerstra\u00dfe, M\u00fcnchen &#8211; Voranfrage Gew\u00e4chshaus<br \/>\n2025 Ottobrunnerstra\u00dfe, M\u00fcnchen &#8211; Umnutzung und Umbau Arztpraxis<br \/>\n2025 Ottobrunnerstra\u00dfe, M\u00fcnchen &#8211; Sanierung und Umbau von Bestandswohnungen<br \/>\n2025 Kachletstra\u00dfe, M\u00fcnchen &#8211; Objekt\u00fcberwachung Neubau Einfamilienhaus<br \/>\n2024 Hauserweg, M\u00fcnsing &#8211; Eingabeplanung Umbau Wohnhaus<br \/>\n2024 Landwehrsta\u00dfe, M\u00fcnchen &#8211; Sanierungsma\u00dfnahmen R\u00fcckgeb\u00e4ude<br \/>\n2024 Ottobrunnerstra\u00dfe, M\u00fcnchen &#8211; Neubau zweier Wohnh\u00e4user<br \/>\n(mit Fink+Jocher Ges. von Architekten und Stadtplanern mbH)<br \/>\n2024 Ottobrunnerstra\u00dfe, M\u00fcnchen &#8211; Sanierungsma\u00dfnahmen Bestandshaus<br \/>\n2024 Kachletstra\u00dfe, M\u00fcnchen &#8211; Ausf\u00fchrungsplanung, Ausschreibung, Objekt\u00fcberwachung<br \/>\n2023 Landwehrsta\u00dfe, M\u00fcnchen &#8211; Sanierungsma\u00dfnahmen R\u00fcckgeb\u00e4ude<br \/>\n2023 Bahnhofstra\u00dfe, Hof &#8211; Eingabeplanung Neubau Hotel<br \/>\n2023 Sch\u00f6ffbergweg, Haiming &#8211; Entwurfsplanung Einfamilienhaus<br \/>\n2023 Reginoltstra\u00dfe, M\u00fcnchen &#8211; Voranfrage Einfamilienhaus<br \/>\n2023 Balanstra\u00dfe, M\u00fcnchen &#8211; Umbauma\u00dfnahmen<br \/>\n2023 Ottobrunnerstra\u00dfe, M\u00fcnchen &#8211; Neubau zweier Wohnh\u00e4user<br \/>\n(mit Fink+Jocher Ges. von Architekten und Stadtplanern mbH)<br \/>\n2023 Ottobrunnerstra\u00dfe, M\u00fcnchen &#8211; Sanierungsma\u00dfnahmen Bestandshaus<br \/>\n2023 Kachletstra\u00dfe, M\u00fcnchen &#8211; Ausf\u00fchrungsplanung, Ausschreibung, Objekt\u00fcberwachung<br \/>\n2023 Ottobrunnerstr., M\u00fcnchen &#8211; Sanierung Stadthaus<br \/>\n2022 Kachletstr., M\u00fcnchen &#8211; Bauantrag Erweiterung Einfamilienhaus<br \/>\n2022 Dahlienstr., M\u00fcnchen &#8211; Voranfrage Neubau Mehrfamilienhaus<br \/>\n2022 Hans-Heiling-Str., M\u00fcnchen &#8211; Entwurf Umbau Einfamilienhaus<br \/>\n2021 Bahnhofstr., Hof \u2013 Vorentwurf Neubau Hotel<br \/>\n2021 Grandauerstr., M\u00fcnchen &#8211; Bauantrag Erweiterung Einfamilienhaus<br \/>\n2021 Josef-Alberst\u00f6tter-Ring,\u00a0Wolnzach \u2013 Nutzungs\u00e4nderung Einfamilienhaus<br \/>\n2021 Franz-Albert-Str., M\u00fcnchen &#8211; Voranfrage Nachverdichtung Mehrfamilienh\u00e4user<br \/>\n2021 Ottobrunnerstrasse, M\u00fcnchen &#8211; Voranfrage Mehrfamilienhaus mit Tiefgarage<br \/>\n2021\u00a0Agnesstrasse, M\u00fcnchen &#8211; Ausbau Dachgeschoss und Au\u00dfenaufzug<br \/>\n(mit Kandler und Mack Architekten)<br \/>\n2020 Schwindstrasse, M\u00fcnchen \u2013 Umbau Wohnung Mehrfamilienhaus<br \/>\n2020 Bodenseestrasse, Gr\u00f6benzell \u2013 Entwurf Erweiterung Einfamilienhaus<br \/>\n2020 Hammstrasse, M\u00fcnchen &#8211; Bauantrag Neubau Doppelhaus<br \/>\n2020 Wendl-Dietrich-Str., M\u00fcnchen &#8211; Sanierung Mehrfamilienhaus (Einzeldenkmal)<br \/>\n2020 Agnesstrasse, M\u00fcnchen &#8211; Planung Au\u00dfenaufzug (mit Kandler und Mack Architekten)<br \/>\n2020 Agnesstrasse, M\u00fcnchen &#8211; Werkplanung Dachgeschoss<br \/>\n(mit Kandler und Mack Architekten)<br \/>\n2019 Hasenberglstrasse, M\u00fcnchen &#8211; Bauantrag Erweiterung Doppelhaus<br \/>\n2019 Bajuwarenstrasse, Gilching &#8211; Vorentwurf Erweiterung Einfamilienhaus<br \/>\n2019 Neidensteinerstrasse, M\u00fcnchen &#8211; Vorentwurf Mehrfamilienhaus<br \/>\n2019 Ottobrunner Strasse, M\u00fcnchen &#8211; Vorantrage Erweiterung Gewerbebau<br \/>\n2018 Starnbergerstrasse, M\u00fcnchen &#8211; Bauantrag Erweiterung Einfamilienhaus<br \/>\n2018 Franz-Albert-Strasse, M\u00fcnchen &#8211; Bauantrag Erweiterung Mehrfamilienhaus<br \/>\n2018 Ottobrunnerstrasse, M\u00fcnchen &#8211; Voranfrage Erweiterung Gartencenter Seebauer<br \/>\n2018 Ottobrunnerstrasse, M\u00fcnchen &#8211; Sanierungsma\u00dfnahmen Gartencenter Seebauer<br \/>\n2018 Kanalstrasse, Bruckm\u00fchl &#8211; Bauantrag Aufstockung Einfamilienhaus<br \/>\n2018 Hartstrasse, Eching &#8211; Bauantrag Erweiterung Mehrfamilienhaus<br \/>\n2017 Alte Poststrasse, Baldham &#8211; Bauantrag Erweiterung Einfamilienhaus<br \/>\n2017 Thurwieserstrasse, M\u00fcnchen &#8211; Bauantrag Aufstockung Einfamilienhaus<br \/>\n2017 Sch\u00f6nswetterstrasse, Neubiberg &#8211; Neubau Mehrfamilienhaus<br \/>\n2017 Schwindstrasse, M\u00fcnchen &#8211; Ausbau Dachgeschoss<br \/>\n2017 Schwindstrasse, M\u00fcnchen &#8211; Fassadensanierung<br \/>\n2016 Eduard-Flach-Strasse, Memmingen &#8211; Modernisierung und Umbau Mehrfamilienhaus<br \/>\n2016 Eduard-Schmid-Strasse, M\u00fcnchen &#8211; Umbau Wohnung<br \/>\n2016 Forstenrieder Allee, M\u00fcnchen \u2013 Brandschutzma\u00dfnahmen Grundschule<br \/>\n2016 Herzog Heinrich Strasse, M\u00fcnchen \u2013 Bauantrag Umbau Eingang<br \/>\n2016 Sch\u00f6nswetterstrasse, Neubiberg &#8211; Bauantrag Mehrfamilienhaus<br \/>\n2016 Schwindstrasse, M\u00fcnchen &#8211; Bauantrag Ausbau Dachgeschoss<br \/>\n2015 Eduard-Flach-Strasse, Memmingen &#8211; Eingabeplanung Umbau Mehrfamilienhaus<br \/>\n2015 Watzmannstrasse, Poing \u2013 Neubau Einfamilienhaus<br \/>\n2014 Jahnstrasse, M\u00fcnchen \u2013 Umbau Wohnung<br \/>\n2014 Friedenstrasse, M\u00fcnchen \u2013 Sanierung Duschr\u00e4ume<br \/>\n2014 Traunreuter Strasse, M\u00fcnchen \u2013 Vorentwurf Mehrfamilienh\u00e4user<br \/>\n2014 Sch\u00f6nswetterstrasse, Neubiberg \u2013 Vorentwurf Mehrfamilienhaus<br \/>\n2014 Boschetsrieder Strasse, M\u00fcnchen \u2013 Umbau Wohnung<br \/>\n2014 Pilgersheimer Strasse, M\u00fcnchen \u2013 Vorentwurf Neubau Mehrfamilienhaus<br \/>\n2013-14 Preysingstrasse, M\u00fcnchen \u2013 Ausbau Dachgeschoss<br \/>\n2013 Preysingstrasse, M\u00fcnchen \u2013 Au\u00dfenaufzug<br \/>\n2013 Fr\u00fchlingsstrasse, Germering \u2013 Machbarkeitsstudie Mehrfamilienhaus<br \/>\n2013 Schwindstrasse, M\u00fcnchen \u2013 Sanierung GE, Brandschutzmassnahmen<br \/>\n2013 Corneliusstrasse, M\u00fcnchen \u2013 Werkplanung Dachgeschoss<br \/>\n2013 Kie\u00dflingerstrasse, M\u00fcnchen \u2013 Bauvoranfrage<br \/>\n2013 Eduard-Schmid-Strasse, M\u00fcnchen \u2013 Bauantrag Umnutzung, Ausbau Wohnungen<br \/>\n2012 Schwanthalerstrasse, M\u00fcnchen \u2013\u00a0Brandschutzmassnahmen<br \/>\n2012 Corneliusstrasse, M\u00fcnchen \u2013 Au\u00dfenaufzug, Anbau Balkone<br \/>\n2012 Eduard-Flach-Strasse, Memmingen \u2013 Planung Umbau Mehrfamilienhaus<br \/>\n2012 Rissheimerstrasse, M\u00fcnchen &#8211; Bauantrag, Umbau Einfamilienhaus<br \/>\n2012 Kirchenstrasse, M\u00fcnchen \u2013 Werkplanung Mehrfamilienhaus<br \/>\n2011 Juifenstrasse, M\u00fcnchen \u2013 Sanierung Einfamilienhaus<br \/>\n2011 Eduard-Schmid-Strasse, M\u00fcnchen \u2013 Sanierung GE<br \/>\n2010 Pilgersheimerstrasse, M\u00fcnchen \u2013 Bauvoranfrage<br \/>\n2010-11 Gravelottestrasse, M\u00fcnchen \u2013 Sanierung GE, Dachausbau, Anbau Balkone<br \/>\n2010 Otto-Heilmann-Strasse, Gr\u00fcnwald \u2013 Sanierung Einfamilienhaus<br \/>\n2010-11 Geyerstrasse, M\u00fcnchen \u2013 Sanierung GE, Anbau Balkone und Au\u00dfenaufzug<br \/>\n2009 Sandstrasse, M\u00fcnchen \u2013 Umbau Wohnung<br \/>\n2009 Franziskanerstrasse, M\u00fcnchen \u2013 Au\u00dfenaufzug<br \/>\n2008-11 Oefelestrasse, M\u00fcnchen \u2013 Neubau<br \/>\n2008 Dollmannstrasse, M\u00fcnchen\u00a0\u2013 Bauantrag Umnutzung R\u00fcckgeb\u00e4ude<br \/>\n2008 Oefelestrasse, M\u00fcnchen &#8211; Bauantrag Dachgeschoss<\/p>\n<p><a href=\"http:\/\/www.appelmann-arch.de\">\u2190 zur\u00fcck<\/a><\/p>\n","protected":false},"excerpt":{"rendered":"<p>2026 Landwehrsta\u00dfe, M\u00fcnchen &#8211; Sanierungsma\u00dfnahmen 2026 Muxelstra\u00dfe, M\u00fcnchen &#8211; Sanierungsma\u00dfnahmen Dachgeschossausbau (Einzeldenkmal) 2025 Ottobrunnerstra\u00dfe, M\u00fcnchen &#8211; Voranfrage Gew\u00e4chshaus 2025 Ottobrunnerstra\u00dfe, M\u00fcnchen &#8211; Umnutzung und Umbau Arztpraxis 2025 Ottobrunnerstra\u00dfe, M\u00fcnchen &#8211; Sanierung und Umbau von Bestandswohnungen 2025 Kachletstra\u00dfe, M\u00fcnchen &#8211; Objekt\u00fcberwachung &hellip; <a href=\"http:\/\/www.appelmann-arch.de\/?page_id=156\">Weiterlesen <span class=\"meta-nav\">&rarr;<\/span><\/a><\/p>\n","protected":false},"author":1,"featured_media":0,"parent":0,"menu_order":0,"comment_status":"closed","ping_status":"closed","template":"","meta":[],"acf":[],"_links":{"self":[{"href":"http:\/\/www.appelmann-arch.de\/index.php?rest_route=\/wp\/v2\/pages\/156"}],"collection":[{"href":"http:\/\/www.appelmann-arch.de\/index.php?rest_route=\/wp\/v2\/pages"}],"about":[{"href":"http:\/\/www.appelmann-arch.de\/index.php?rest_route=\/wp\/v2\/types\/page"}],"author":[{"embeddable":true,"href":"http:\/\/www.appelmann-arch.de\/index.php?rest_route=\/wp\/v2\/users\/1"}],"replies":[{"embeddable":true,"href":"http:\/\/www.appelmann-arch.de\/index.php?rest_route=%2Fwp%2Fv2%2Fcomments&post=156"}],"version-history":[{"count":38,"href":"http:\/\/www.appelmann-arch.de\/index.php?rest_route=\/wp\/v2\/pages\/156\/revisions"}],"predecessor-version":[{"id":548,"href":"http:\/\/www.appelmann-arch.de\/index.php?rest_route=\/wp\/v2\/pages\/156\/revisions\/548"}],"wp:attachment":[{"href":"http:\/\/www.appelmann-arch.de\/index.php?rest_route=%2Fwp%2Fv2%2Fmedia&parent=156"}],"curies":[{"name":"wp","href":"https:\/\/api.w.org\/{rel}","templated":true}]}}